{"id":5929,"date":"2024-02-19T17:48:22","date_gmt":"2024-02-19T15:48:22","guid":{"rendered":"https:\/\/www.ctsarq.net\/?page_id=5929"},"modified":"2024-02-19T17:48:22","modified_gmt":"2024-02-19T15:48:22","slug":"publications","status":"publish","type":"page","link":"https:\/\/www.ctsarq.net\/index.php\/publications\/","title":{"rendered":"Publications"},"content":{"rendered":"<p>[vc_row row_content_width=\u00bbgrid\u00bb simple_background_color=\u00bb#f4f4f4&#8243; css=\u00bb.vc_custom_1703101606480{padding-top: 130px !important;padding-bottom: 130px !important;}\u00bb][vc_column][vc_row_inner][vc_column_inner width=\u00bb1\/2&#8243;][vc_column_text]<\/p>\n<h2>Selected magazines<\/h2>\n<p>[\/vc_column_text][vc_empty_space height=\u00bb20px\u00bb][vc_column_text]On 17-25-33-52-54-63-85-93-149-159<br \/>\nQuaderns d&#8217;Arquitectura<br \/>\nHogares Modernos 103-247-250-259-260-278-374<br \/>\nMobelart 13-31<br \/>\nNuevo Ambiente 3<br \/>\nCasaviva 31-39-55-66-72-84-94-136-148<br \/>\nArdi 3-9<br \/>\nVogue n\u00ba1<br \/>\nSpazio casa 7<br \/>\nHauser 2 92<br \/>\nEben 10<br \/>\nOficinas 185-192<br \/>\nDomus 803<br \/>\nVia Construcci\u00f3n 163[\/vc_column_text][vc_empty_space height=\u00bb20px\u00bb][\/vc_column_inner][vc_column_inner width=\u00bb1\/2&#8243;][vc_column_text]<\/p>\n<h2>Book selection<\/h2>\n<p>[\/vc_column_text][vc_empty_space height=\u00bb20px\u00bb][vc_column_text]Biblioteca Atrium de Arquitectura<br \/>\nCity Houses<br \/>\nHouses by the sea<br \/>\nEuropean Masters<br \/>\nBarcelona espai p\u00fablic<br \/>\nProjectar la ciutat metropolitana<br \/>\nAnnual of architecture<br \/>\nCasas Mediterraneas-Costa Brava 2<br \/>\nCampus-10 anys d&#8217;arquitectura universit\u00e0ria a Catalunya<br \/>\n1\u00aa Bienal d&#8217;Arquitectura del Vall\u00e9s<br \/>\nEdifici Eureka-1<br \/>\nArquitectures dels Equipaments P\u00fablics de Catalunya 2000-2010 (2010) GISA<br \/>\nIntervenci\u00f3 arquitect\u00f3nica en el patrimoni d&#8217;\u00fas p\u00fablic de la Diputaci\u00f3 de barcelona (1986-1992)<br \/>\nBarcelona-Gu\u00eda d&#8217;Arquitectura Moderna. Actar<br \/>\nUrban spaces (III) : peripheral parks<br \/>\nDiscordias Barcelonesas<br \/>\nArco Colour-Thematic Architecture<br \/>\nBarcelona Arquitectura contemporanea 1979-2012.Poligrafa<br \/>\nEix Maci\u00e0 Sabadell, una experiencia de centro metropolitano[\/vc_column_text][vc_empty_space height=\u00bb20px\u00bb][\/vc_column_inner][\/vc_row_inner][\/vc_column][\/vc_row]<\/p>\n","protected":false},"excerpt":{"rendered":"<p>[vc_row row_content_width=\u00bbgrid\u00bb simple_background_color=\u00bb#f4f4f4&#8243; css=\u00bb.vc_custom_1703101606480{padding-top: 130px !important;padding-bottom: 130px !important;}\u00bb][vc_column][vc_row_inner][vc_column_inner width=\u00bb1\/2&#8243;][vc_column_text] Selected magazines [\/vc_column_text][vc_empty_space height=\u00bb20px\u00bb][vc_column_text]On 17-25-33-52-54-63-85-93-149-159 Quaderns d&#8217;Arquitectura Hogares Modernos 103-247-250-259-260-278-374 Mobelart 13-31 Nuevo Ambiente 3 Casaviva 31-39-55-66-72-84-94-136-148 Ardi 3-9 Vogue n\u00ba1 Spazio casa 7 Hauser 2 92 Eben 10 Oficinas 185-192 [&hellip;]<\/p>\n","protected":false},"author":1,"featured_media":0,"parent":0,"menu_order":0,"comment_status":"closed","ping_status":"closed","template":"full-width.php","meta":{"inline_featured_image":false,"footnotes":""},"class_list":["post-5929","page","type-page","status-publish","hentry"],"yoast_head":"<!-- This site is optimized with the Yoast SEO plugin v25.7 - https:\/\/yoast.com\/wordpress\/plugins\/seo\/ -->\n<title>Publications - CTS Arquitectes<\/title>\n<meta name=\"robots\" content=\"index, follow, max-snippet:-1, max-image-preview:large, max-video-preview:-1\" \/>\n<link rel=\"canonical\" href=\"https:\/\/www.ctsarq.net\/index.php\/publications\/\" \/>\n<meta property=\"og:locale\" content=\"es_ES\" \/>\n<meta property=\"og:type\" content=\"article\" \/>\n<meta property=\"og:title\" content=\"Publications - CTS Arquitectes\" \/>\n<meta property=\"og:description\" content=\"[vc_row row_content_width=\u00bbgrid\u00bb simple_background_color=\u00bb#f4f4f4&#8243; css=\u00bb.vc_custom_1703101606480{padding-top: 130px !important;padding-bottom: 130px !important;}\u00bb][vc_column][vc_row_inner][vc_column_inner width=\u00bb1\/2&#8243;][vc_column_text] Selected magazines [\/vc_column_text][vc_empty_space height=\u00bb20px\u00bb][vc_column_text]On 17-25-33-52-54-63-85-93-149-159 Quaderns d&#8217;Arquitectura Hogares Modernos 103-247-250-259-260-278-374 Mobelart 13-31 Nuevo Ambiente 3 Casaviva 31-39-55-66-72-84-94-136-148 Ardi 3-9 Vogue n\u00ba1 Spazio casa 7 Hauser 2 92 Eben 10 Oficinas 185-192 [&hellip;]\" \/>\n<meta property=\"og:url\" content=\"https:\/\/www.ctsarq.net\/index.php\/publications\/\" \/>\n<meta property=\"og:site_name\" content=\"CTS Arquitectes\" \/>\n<meta name=\"twitter:card\" content=\"summary_large_image\" \/>\n<meta name=\"twitter:label1\" content=\"Tiempo de lectura\" \/>\n\t<meta name=\"twitter:data1\" content=\"1 minuto\" \/>\n<script type=\"application\/ld+json\" class=\"yoast-schema-graph\">{\"@context\":\"https:\/\/schema.org\",\"@graph\":[{\"@type\":\"WebPage\",\"@id\":\"https:\/\/www.ctsarq.net\/index.php\/publications\/\",\"url\":\"https:\/\/www.ctsarq.net\/index.php\/publications\/\",\"name\":\"Publications - CTS Arquitectes\",\"isPartOf\":{\"@id\":\"https:\/\/www.ctsarq.net\/#website\"},\"datePublished\":\"2024-02-19T15:48:22+00:00\",\"breadcrumb\":{\"@id\":\"https:\/\/www.ctsarq.net\/index.php\/publications\/#breadcrumb\"},\"inLanguage\":\"es\",\"potentialAction\":[{\"@type\":\"ReadAction\",\"target\":[\"https:\/\/www.ctsarq.net\/index.php\/publications\/\"]}]},{\"@type\":\"BreadcrumbList\",\"@id\":\"https:\/\/www.ctsarq.net\/index.php\/publications\/#breadcrumb\",\"itemListElement\":[{\"@type\":\"ListItem\",\"position\":1,\"name\":\"Portada\",\"item\":\"https:\/\/www.ctsarq.net\/index.php\/es\/home\/\"},{\"@type\":\"ListItem\",\"position\":2,\"name\":\"Publications\"}]},{\"@type\":\"WebSite\",\"@id\":\"https:\/\/www.ctsarq.net\/#website\",\"url\":\"https:\/\/www.ctsarq.net\/\",\"name\":\"CTS Arquitectes\",\"description\":\"Arquitectura, Urbanismo y Dise\u00f1o\",\"publisher\":{\"@id\":\"https:\/\/www.ctsarq.net\/#organization\"},\"potentialAction\":[{\"@type\":\"SearchAction\",\"target\":{\"@type\":\"EntryPoint\",\"urlTemplate\":\"https:\/\/www.ctsarq.net\/?s={search_term_string}\"},\"query-input\":{\"@type\":\"PropertyValueSpecification\",\"valueRequired\":true,\"valueName\":\"search_term_string\"}}],\"inLanguage\":\"es\"},{\"@type\":\"Organization\",\"@id\":\"https:\/\/www.ctsarq.net\/#organization\",\"name\":\"CTS Arquitectes\",\"url\":\"https:\/\/www.ctsarq.net\/\",\"logo\":{\"@type\":\"ImageObject\",\"inLanguage\":\"es\",\"@id\":\"https:\/\/www.ctsarq.net\/#\/schema\/logo\/image\/\",\"url\":\"https:\/\/www.ctsarq.net\/wp-content\/uploads\/2023\/05\/cts-logo-black.svg\",\"contentUrl\":\"https:\/\/www.ctsarq.net\/wp-content\/uploads\/2023\/05\/cts-logo-black.svg\",\"width\":\"1024\",\"height\":\"1024\",\"caption\":\"CTS Arquitectes\"},\"image\":{\"@id\":\"https:\/\/www.ctsarq.net\/#\/schema\/logo\/image\/\"}}]}<\/script>\n<!-- \/ Yoast SEO plugin. -->","yoast_head_json":{"title":"Publications - CTS Arquitectes","robots":{"index":"index","follow":"follow","max-snippet":"max-snippet:-1","max-image-preview":"max-image-preview:large","max-video-preview":"max-video-preview:-1"},"canonical":"https:\/\/www.ctsarq.net\/index.php\/publications\/","og_locale":"es_ES","og_type":"article","og_title":"Publications - CTS Arquitectes","og_description":"[vc_row row_content_width=\u00bbgrid\u00bb simple_background_color=\u00bb#f4f4f4&#8243; css=\u00bb.vc_custom_1703101606480{padding-top: 130px !important;padding-bottom: 130px !important;}\u00bb][vc_column][vc_row_inner][vc_column_inner width=\u00bb1\/2&#8243;][vc_column_text] Selected magazines [\/vc_column_text][vc_empty_space height=\u00bb20px\u00bb][vc_column_text]On 17-25-33-52-54-63-85-93-149-159 Quaderns d&#8217;Arquitectura Hogares Modernos 103-247-250-259-260-278-374 Mobelart 13-31 Nuevo Ambiente 3 Casaviva 31-39-55-66-72-84-94-136-148 Ardi 3-9 Vogue n\u00ba1 Spazio casa 7 Hauser 2 92 Eben 10 Oficinas 185-192 [&hellip;]","og_url":"https:\/\/www.ctsarq.net\/index.php\/publications\/","og_site_name":"CTS Arquitectes","twitter_card":"summary_large_image","twitter_misc":{"Tiempo de lectura":"1 minuto"},"schema":{"@context":"https:\/\/schema.org","@graph":[{"@type":"WebPage","@id":"https:\/\/www.ctsarq.net\/index.php\/publications\/","url":"https:\/\/www.ctsarq.net\/index.php\/publications\/","name":"Publications - CTS Arquitectes","isPartOf":{"@id":"https:\/\/www.ctsarq.net\/#website"},"datePublished":"2024-02-19T15:48:22+00:00","breadcrumb":{"@id":"https:\/\/www.ctsarq.net\/index.php\/publications\/#breadcrumb"},"inLanguage":"es","potentialAction":[{"@type":"ReadAction","target":["https:\/\/www.ctsarq.net\/index.php\/publications\/"]}]},{"@type":"BreadcrumbList","@id":"https:\/\/www.ctsarq.net\/index.php\/publications\/#breadcrumb","itemListElement":[{"@type":"ListItem","position":1,"name":"Portada","item":"https:\/\/www.ctsarq.net\/index.php\/es\/home\/"},{"@type":"ListItem","position":2,"name":"Publications"}]},{"@type":"WebSite","@id":"https:\/\/www.ctsarq.net\/#website","url":"https:\/\/www.ctsarq.net\/","name":"CTS Arquitectes","description":"Arquitectura, Urbanismo y Dise\u00f1o","publisher":{"@id":"https:\/\/www.ctsarq.net\/#organization"},"potentialAction":[{"@type":"SearchAction","target":{"@type":"EntryPoint","urlTemplate":"https:\/\/www.ctsarq.net\/?s={search_term_string}"},"query-input":{"@type":"PropertyValueSpecification","valueRequired":true,"valueName":"search_term_string"}}],"inLanguage":"es"},{"@type":"Organization","@id":"https:\/\/www.ctsarq.net\/#organization","name":"CTS Arquitectes","url":"https:\/\/www.ctsarq.net\/","logo":{"@type":"ImageObject","inLanguage":"es","@id":"https:\/\/www.ctsarq.net\/#\/schema\/logo\/image\/","url":"https:\/\/www.ctsarq.net\/wp-content\/uploads\/2023\/05\/cts-logo-black.svg","contentUrl":"https:\/\/www.ctsarq.net\/wp-content\/uploads\/2023\/05\/cts-logo-black.svg","width":"1024","height":"1024","caption":"CTS Arquitectes"},"image":{"@id":"https:\/\/www.ctsarq.net\/#\/schema\/logo\/image\/"}}]}},"_links":{"self":[{"href":"https:\/\/www.ctsarq.net\/index.php\/wp-json\/wp\/v2\/pages\/5929","targetHints":{"allow":["GET"]}}],"collection":[{"href":"https:\/\/www.ctsarq.net\/index.php\/wp-json\/wp\/v2\/pages"}],"about":[{"href":"https:\/\/www.ctsarq.net\/index.php\/wp-json\/wp\/v2\/types\/page"}],"author":[{"embeddable":true,"href":"https:\/\/www.ctsarq.net\/index.php\/wp-json\/wp\/v2\/users\/1"}],"replies":[{"embeddable":true,"href":"https:\/\/www.ctsarq.net\/index.php\/wp-json\/wp\/v2\/comments?post=5929"}],"version-history":[{"count":1,"href":"https:\/\/www.ctsarq.net\/index.php\/wp-json\/wp\/v2\/pages\/5929\/revisions"}],"predecessor-version":[{"id":5930,"href":"https:\/\/www.ctsarq.net\/index.php\/wp-json\/wp\/v2\/pages\/5929\/revisions\/5930"}],"wp:attachment":[{"href":"https:\/\/www.ctsarq.net\/index.php\/wp-json\/wp\/v2\/media?parent=5929"}],"curies":[{"name":"wp","href":"https:\/\/api.w.org\/{rel}","templated":true}]}}